{"id":1507,"date":"2025-04-12T13:50:24","date_gmt":"2025-04-12T13:50:24","guid":{"rendered":"https:\/\/arregladormusical.com\/?page_id=1507"},"modified":"2025-12-05T12:18:39","modified_gmt":"2025-12-05T12:18:39","slug":"videos-clientes","status":"publish","type":"page","link":"https:\/\/arregladormusical.com\/?page_id=1507","title":{"rendered":"Videos Clientes"},"content":{"rendered":"\n<p>En esta secci\u00f3n, algunos clientes que musicalizaron sus canciones con nosotros. <\/p>\n\n\n\n<div class=\"wp-block-columns is-layout-flex wp-container-core-columns-is-layout-9d6595d7 wp-block-columns-is-layout-flex\">\n<div class=\"wp-block-column is-layout-flow wp-block-column-is-layout-flow\">\n<figure class=\"wp-block-embed is-type-video is-provider-youtube wp-block-embed-youtube wp-embed-aspect-16-9 wp-has-aspect-ratio\"><div class=\"wp-block-embed__wrapper\">\n<iframe title=\"GENIO MALAN&#039; EL PRINCIPE DE TU CORAZON&quot; AMOR PROHIBIDO&quot;{ OFICIAL MIUSIC}\" width=\"640\" height=\"360\" src=\"https:\/\/www.youtube.com\/embed\/6HqdE4fISOM?feature=oembed\" frameborder=\"0\" allow=\"accelerometer; autoplay; clipboard-write; encrypted-media; gyroscope; picture-in-picture; web-share\" referrerpolicy=\"strict-origin-when-cross-origin\" allowfullscreen><\/iframe>\n<\/div><\/figure>\n\n\n\n<p>Genio Mal\u00e1n &#8211; Estados Unidos (cumbia chicha ecuatoriana)<\/p>\n<\/div>\n\n\n\n<div class=\"wp-block-column is-layout-flow wp-block-column-is-layout-flow\">\n<figure class=\"wp-block-embed is-type-video is-provider-youtube wp-block-embed-youtube wp-embed-aspect-16-9 wp-has-aspect-ratio\"><div class=\"wp-block-embed__wrapper\">\n<iframe title=\"Agrupaci\u00f3n Lesly Amor - C\u00f3mo ser\u00e1 (OFICIAL VIDEO)\" width=\"640\" height=\"360\" src=\"https:\/\/www.youtube.com\/embed\/XrjFmXAp3yQ?feature=oembed\" frameborder=\"0\" allow=\"accelerometer; autoplay; clipboard-write; encrypted-media; gyroscope; picture-in-picture; web-share\" referrerpolicy=\"strict-origin-when-cross-origin\" allowfullscreen><\/iframe>\n<\/div><\/figure>\n\n\n\n<p>Lesly amor &#8211; Bolivia  (cumbia)<\/p>\n<\/div>\n<\/div>\n\n\n\n<div class=\"wp-block-columns is-layout-flex wp-container-core-columns-is-layout-9d6595d7 wp-block-columns-is-layout-flex\">\n<div class=\"wp-block-column is-layout-flow wp-block-column-is-layout-flow\">\n<figure class=\"wp-block-embed is-type-video is-provider-youtube wp-block-embed-youtube wp-embed-aspect-16-9 wp-has-aspect-ratio\"><div class=\"wp-block-embed__wrapper\">\n<iframe title=\"Rama - Esa Voz VIDEOCLIP OFICIAL.\" width=\"640\" height=\"360\" src=\"https:\/\/www.youtube.com\/embed\/mFjrpBO6P0I?feature=oembed\" frameborder=\"0\" allow=\"accelerometer; autoplay; clipboard-write; encrypted-media; gyroscope; picture-in-picture; web-share\" referrerpolicy=\"strict-origin-when-cross-origin\" allowfullscreen><\/iframe>\n<\/div><\/figure>\n\n\n\n<p>Rama &#8211; Uruguay  (rock)<\/p>\n<\/div>\n\n\n\n<div class=\"wp-block-column is-layout-flow wp-block-column-is-layout-flow\">\n<figure class=\"wp-block-embed is-type-video is-provider-youtube wp-block-embed-youtube wp-embed-aspect-16-9 wp-has-aspect-ratio\"><div class=\"wp-block-embed__wrapper\">\n<iframe title=\"ISMAEL- EL TUCU RODRIGUEZ &quot;QUIERO VOLVER A EMPEZAR&quot;                 (VIDEO OFICIAL)\" width=\"640\" height=\"360\" src=\"https:\/\/www.youtube.com\/embed\/c4P0jfAjGwY?feature=oembed\" frameborder=\"0\" allow=\"accelerometer; autoplay; clipboard-write; encrypted-media; gyroscope; picture-in-picture; web-share\" referrerpolicy=\"strict-origin-when-cross-origin\" allowfullscreen><\/iframe>\n<\/div><\/figure>\n\n\n\n<p>Ismael Rodriguez &#8211; Argentina (Cumbia)<\/p>\n<\/div>\n<\/div>\n\n\n\n<div class=\"wp-block-columns is-layout-flex wp-container-core-columns-is-layout-9d6595d7 wp-block-columns-is-layout-flex\">\n<div class=\"wp-block-column is-layout-flow wp-block-column-is-layout-flow\">\n<figure class=\"wp-block-embed is-type-video is-provider-youtube wp-block-embed-youtube wp-embed-aspect-16-9 wp-has-aspect-ratio\"><div class=\"wp-block-embed__wrapper\">\n<iframe title=\"Fredy_Di-JL... El Dia Que Nos Hicimos Novios (Video oficial)\" width=\"640\" height=\"360\" src=\"https:\/\/www.youtube.com\/embed\/95eHNw3hDt0?feature=oembed\" frameborder=\"0\" allow=\"accelerometer; autoplay; clipboard-write; encrypted-media; gyroscope; picture-in-picture; web-share\" referrerpolicy=\"strict-origin-when-cross-origin\" allowfullscreen><\/iframe>\n<\/div><\/figure>\n\n\n\n<p><\/p>\n\n\n\n<p>Fredy &#8211; Colombia (reggae urbano)<\/p>\n<\/div>\n\n\n\n<div class=\"wp-block-column is-layout-flow wp-block-column-is-layout-flow\">\n<figure class=\"wp-block-embed is-type-video is-provider-youtube wp-block-embed-youtube wp-embed-aspect-4-3 wp-has-aspect-ratio\"><div class=\"wp-block-embed__wrapper\">\n<iframe title=\"Sin Tu Amor\" width=\"640\" height=\"480\" src=\"https:\/\/www.youtube.com\/embed\/PL_M6_rjXZU?feature=oembed\" frameborder=\"0\" allow=\"accelerometer; autoplay; clipboard-write; encrypted-media; gyroscope; picture-in-picture; web-share\" referrerpolicy=\"strict-origin-when-cross-origin\" allowfullscreen><\/iframe>\n<\/div><figcaption class=\"wp-element-caption\">Itmer Gim\u00e9nez &#8211; Per\u00fa (cumbia sure\u00f1a)<\/figcaption><\/figure>\n<\/div>\n<\/div>\n\n\n\n<div class=\"wp-block-columns is-layout-flex wp-container-core-columns-is-layout-9d6595d7 wp-block-columns-is-layout-flex\">\n<div class=\"wp-block-column is-layout-flow wp-block-column-is-layout-flow\">\n<figure class=\"wp-block-embed is-type-video is-provider-youtube wp-block-embed-youtube wp-embed-aspect-16-9 wp-has-aspect-ratio\"><div class=\"wp-block-embed__wrapper\">\n<iframe title=\"GRUPO NARANJAMOR  Tomare Para Olvidar(video clip Oficial)\" width=\"640\" height=\"360\" src=\"https:\/\/www.youtube.com\/embed\/rlrJeQrLCWY?feature=oembed\" frameborder=\"0\" allow=\"accelerometer; autoplay; clipboard-write; encrypted-media; gyroscope; picture-in-picture; web-share\" referrerpolicy=\"strict-origin-when-cross-origin\" allowfullscreen><\/iframe>\n<\/div><\/figure>\n\n\n\n<p>Dany Naranja Amor &#8211; Bolivia (Cumbia Norte\u00f1a) <\/p>\n<\/div>\n\n\n\n<div class=\"wp-block-column is-layout-flow wp-block-column-is-layout-flow\">\n<figure class=\"wp-block-embed is-type-video is-provider-youtube wp-block-embed-youtube wp-embed-aspect-16-9 wp-has-aspect-ratio\"><div class=\"wp-block-embed__wrapper\">\n<iframe title=\"Tiago Santana - El amor de su vida (version cuarteto)\" width=\"640\" height=\"360\" src=\"https:\/\/www.youtube.com\/embed\/s0GYd-WWW14?feature=oembed\" frameborder=\"0\" allow=\"accelerometer; autoplay; clipboard-write; encrypted-media; gyroscope; picture-in-picture; web-share\" referrerpolicy=\"strict-origin-when-cross-origin\" allowfullscreen><\/iframe>\n<\/div><\/figure>\n\n\n\n<p>Tiago Santana &#8211; Argentina (cuarteto)<\/p>\n<\/div>\n<\/div>\n\n\n\n<div class=\"wp-block-columns is-layout-flex wp-container-core-columns-is-layout-9d6595d7 wp-block-columns-is-layout-flex\">\n<div class=\"wp-block-column is-layout-flow wp-block-column-is-layout-flow\">\n<figure class=\"wp-block-embed is-type-video is-provider-youtube wp-block-embed-youtube wp-embed-aspect-16-9 wp-has-aspect-ratio\"><div class=\"wp-block-embed__wrapper\">\n<iframe title=\"Te Amo Mamita  - Lili Gonzales - (Videoclip Oficial)\" width=\"640\" height=\"360\" src=\"https:\/\/www.youtube.com\/embed\/FmAz9OTuANA?feature=oembed\" frameborder=\"0\" allow=\"accelerometer; autoplay; clipboard-write; encrypted-media; gyroscope; picture-in-picture; web-share\" referrerpolicy=\"strict-origin-when-cross-origin\" allowfullscreen><\/iframe>\n<\/div><\/figure>\n\n\n\n<p>Lili Gonzales &#8211; bolivia &#8211; salay <\/p>\n<\/div>\n\n\n\n<div class=\"wp-block-column is-layout-flow wp-block-column-is-layout-flow\"><\/div>\n<\/div>\n\n\n\n<p><\/p>\n","protected":false},"excerpt":{"rendered":"<p>En esta secci\u00f3n, algunos clientes que musicalizaron sus canciones con nosotros. Genio Mal\u00e1n &#8211; Estados Unidos (cumbia chicha ecuatoriana) Lesly amor &#8211; Bolivia (cumbia) Rama &#8211; Uruguay (rock) Ismael Rodriguez &#8211; Argentina (Cumbia) Fredy &#8211; Colombia (reggae urbano) Dany Naranja Amor &#8211; Bolivia (Cumbia Norte\u00f1a) Tiago Santana &#8211; Argentina (cuarteto) Lili Gonzales &#8211; bolivia &#8211; <a href=\"https:\/\/arregladormusical.com\/?page_id=1507\" rel=\"nofollow\"><span class=\"sr-only\">Read more about Videos Clientes<\/span>[&hellip;]<\/a><\/p>\n","protected":false},"author":1,"featured_media":0,"parent":0,"menu_order":0,"comment_status":"closed","ping_status":"closed","template":"","meta":{"_themeisle_gutenberg_block_has_review":false,"footnotes":""},"class_list":["post-1507","page","type-page","status-publish","hentry"],"_links":{"self":[{"href":"https:\/\/arregladormusical.com\/index.php?rest_route=\/wp\/v2\/pages\/1507","targetHints":{"allow":["GET"]}}],"collection":[{"href":"https:\/\/arregladormusical.com\/index.php?rest_route=\/wp\/v2\/pages"}],"about":[{"href":"https:\/\/arregladormusical.com\/index.php?rest_route=\/wp\/v2\/types\/page"}],"author":[{"embeddable":true,"href":"https:\/\/arregladormusical.com\/index.php?rest_route=\/wp\/v2\/users\/1"}],"replies":[{"embeddable":true,"href":"https:\/\/arregladormusical.com\/index.php?rest_route=%2Fwp%2Fv2%2Fcomments&post=1507"}],"version-history":[{"count":5,"href":"https:\/\/arregladormusical.com\/index.php?rest_route=\/wp\/v2\/pages\/1507\/revisions"}],"predecessor-version":[{"id":1537,"href":"https:\/\/arregladormusical.com\/index.php?rest_route=\/wp\/v2\/pages\/1507\/revisions\/1537"}],"wp:attachment":[{"href":"https:\/\/arregladormusical.com\/index.php?rest_route=%2Fwp%2Fv2%2Fmedia&parent=1507"}],"curies":[{"name":"wp","href":"https:\/\/api.w.org\/{rel}","templated":true}]}}