{"id":1349,"date":"2024-09-24T20:23:16","date_gmt":"2024-09-24T20:23:16","guid":{"rendered":"https:\/\/arregladormusical.com\/?page_id=1349"},"modified":"2025-12-05T12:09:04","modified_gmt":"2025-12-05T12:09:04","slug":"muestras-canciones","status":"publish","type":"page","link":"https:\/\/arregladormusical.com\/?page_id=1349","title":{"rendered":"Bolivia\/Ecuador\/Per\u00fa"},"content":{"rendered":"\n<p class=\"has-text-align-left\">Cumbia Norte\u00f1a <\/p>\n\n\n\n<figure class=\"wp-block-audio\"><audio controls src=\"http:\/\/arregladormusical.com\/wp-content\/uploads\/2024\/09\/nort-1.mp3\"><\/audio><\/figure>\n\n\n\n<p><\/p>\n\n\n\n<p>Cumbia Sure\u00f1a<\/p>\n\n\n\n<figure class=\"wp-block-audio\"><audio controls src=\"http:\/\/arregladormusical.com\/wp-content\/uploads\/2024\/09\/sur-1.mp3\"><\/audio><\/figure>\n\n\n\n<figure class=\"wp-block-audio\"><audio controls src=\"http:\/\/arregladormusical.com\/wp-content\/uploads\/2024\/09\/sur-2.mp3\"><\/audio><\/figure>\n\n\n\n<p><\/p>\n\n\n\n<p>Cumbia Per\u00fa<\/p>\n\n\n\n<figure class=\"wp-block-audio\"><audio controls src=\"http:\/\/arregladormusical.com\/wp-content\/uploads\/2024\/09\/sur-4.mp3\"><\/audio><\/figure>\n\n\n\n<p><\/p>\n\n\n\n<p>Cumbia Chicha Mix \/ 6&#215;8 Ecuador<\/p>\n\n\n\n<figure class=\"wp-block-audio\"><audio controls src=\"http:\/\/arregladormusical.com\/wp-content\/uploads\/2025\/02\/01-genio-malan-pagina-web.mp3\"><\/audio><\/figure>\n\n\n\n<figure class=\"wp-block-audio\"><audio controls src=\"http:\/\/arregladormusical.com\/wp-content\/uploads\/2024\/12\/1-yordan-muestra-pagina.mp3\"><\/audio><\/figure>\n\n\n\n<figure class=\"wp-block-audio\"><audio controls src=\"http:\/\/arregladormusical.com\/wp-content\/uploads\/2025\/02\/02-yordan-pagina-web.mp3\"><\/audio><\/figure>\n\n\n\n<p>Folcklore bolivia<\/p>\n\n\n\n<figure class=\"wp-block-audio\"><audio controls src=\"http:\/\/arregladormusical.com\/wp-content\/uploads\/2024\/09\/folc-1-1.mp3\"><\/audio><\/figure>\n\n\n\n<figure class=\"wp-block-audio\"><audio controls src=\"http:\/\/arregladormusical.com\/wp-content\/uploads\/2024\/09\/folc-2-1.mp3\"><\/audio><\/figure>\n\n\n\n<p><\/p>\n\n\n\n<p>Huayno <\/p>\n\n\n\n<figure class=\"wp-block-audio\"><audio controls src=\"http:\/\/arregladormusical.com\/wp-content\/uploads\/2024\/09\/folc-bol-2.mp3\"><\/audio><\/figure>\n\n\n\n<figure class=\"wp-block-audio\"><audio controls src=\"http:\/\/arregladormusical.com\/wp-content\/uploads\/2024\/12\/2-benco-huayno.mp3\"><\/audio><\/figure>\n\n\n\n<p><\/p>\n\n\n\n<p>Saya <\/p>\n\n\n\n<figure class=\"wp-block-audio\"><audio controls src=\"http:\/\/arregladormusical.com\/wp-content\/uploads\/2024\/12\/3-benco-saya.mp3\"><\/audio><\/figure>\n\n\n\n<p><\/p>\n","protected":false},"excerpt":{"rendered":"<p>Cumbia Norte\u00f1a Cumbia Sure\u00f1a Cumbia Per\u00fa Cumbia Chicha Mix \/ 6&#215;8 Ecuador Folcklore bolivia Huayno Saya<\/p>\n","protected":false},"author":1,"featured_media":0,"parent":0,"menu_order":0,"comment_status":"closed","ping_status":"closed","template":"","meta":{"_themeisle_gutenberg_block_has_review":false,"footnotes":""},"class_list":["post-1349","page","type-page","status-publish","hentry"],"_links":{"self":[{"href":"https:\/\/arregladormusical.com\/index.php?rest_route=\/wp\/v2\/pages\/1349","targetHints":{"allow":["GET"]}}],"collection":[{"href":"https:\/\/arregladormusical.com\/index.php?rest_route=\/wp\/v2\/pages"}],"about":[{"href":"https:\/\/arregladormusical.com\/index.php?rest_route=\/wp\/v2\/types\/page"}],"author":[{"embeddable":true,"href":"https:\/\/arregladormusical.com\/index.php?rest_route=\/wp\/v2\/users\/1"}],"replies":[{"embeddable":true,"href":"https:\/\/arregladormusical.com\/index.php?rest_route=%2Fwp%2Fv2%2Fcomments&post=1349"}],"version-history":[{"count":9,"href":"https:\/\/arregladormusical.com\/index.php?rest_route=\/wp\/v2\/pages\/1349\/revisions"}],"predecessor-version":[{"id":1533,"href":"https:\/\/arregladormusical.com\/index.php?rest_route=\/wp\/v2\/pages\/1349\/revisions\/1533"}],"wp:attachment":[{"href":"https:\/\/arregladormusical.com\/index.php?rest_route=%2Fwp%2Fv2%2Fmedia&parent=1349"}],"curies":[{"name":"wp","href":"https:\/\/api.w.org\/{rel}","templated":true}]}}